{"id":18536,"date":"2026-02-02T21:02:00","date_gmt":"2026-02-02T20:02:00","guid":{"rendered":"https:\/\/old.mailmergic.com\/avis-juridique\/"},"modified":"2026-04-03T18:12:34","modified_gmt":"2026-04-03T16:12:34","slug":"avis-juridique","status":"publish","type":"page","link":"https:\/\/old.mailmergic.com\/fr\/avis-juridique\/","title":{"rendered":"Avis juridique"},"content":{"rendered":"\n<p class=\"linkbox\">\n \u00c9tiez-vous r\u00e9ellement \u00e0 la recherche de notre nouveau service ?<br\/>D\u00e9couvrez comment cr\u00e9er facilement un <a href=\"https:\/\/old.mailmergic.com\/fr\/publipostage-word\/\" class=\"linkbox-link\" target=\"_blank\" rel=\"noopener noreferrer\">publipostage \u00e0 partir de Word<\/a>.\n<\/p>\n\n<p><strong>MailMergic GmbH<br\/><\/strong>Mergenthalerallee 73-75<br\/>65760 Eschborn<br\/>Allemagne<br\/><br\/>https:\/\/mailmergic.com<\/p>\n\n<p><em>Registre du commerce : HRB 138816<\/em><br\/><em>Tribunal d&rsquo;enregistrement : Amtsgericht Frankfurt am Main<\/em><br\/><em>Num\u00e9ro d&rsquo;identification TVA conform\u00e9ment au \u00a7 27a UStG<\/em> :<em> DE455266403<\/em><\/p>\n\n<p><em><strong>Repr\u00e9sentant autoris\u00e9 :<\/strong><\/em><br\/><em>Lennart Guth<\/em><\/p>\n\n<p><strong>Contact :<\/strong><br\/>T\u00e9l\u00e9phone : +49 (0) 176 &#8211; 434 787 47 (<strong>Pas de demandes d&rsquo;assistance<\/strong> &#8211; veuillez contacter notre \u00e9quipe de support <a href=\"javascript:void(Beacon(&#xAB; toggle &#xBB;))\">ici<\/a>)<br\/>E-mail : <a href=\"mailto:lennart@mailmergic.com\">lennart@mailmergic.com<\/a><\/p>\n\n<p><strong>Plate-forme de la Commission europ\u00e9enne concernant la r\u00e9solution des litiges en ligne : <\/strong><a href=\"https:\/\/ec.europa.eu\/consumers\/odr\" target=\"_blank\" rel=\"noreferrer noopener nofollow\">https:\/\/ec.europa.eu\/consumers\/odr<\/a><\/p>\n\n<p><strong>Responsable du contenu selon \u00a718 Abs. 2 MStV : <\/strong><br\/>Lennart Guth (adresse et coordonn\u00e9es voir ci-dessus)<\/p>\n\n<h4 id=\"%25c2%25a0\" class=\"wp-block-heading\">\u00a0<\/h4>\n\n<h2 id=\"avis-de-nonresponsabilite\" class=\"wp-block-heading\">Avis de non-responsabilit\u00e9 :<\/h2>\n\n<p><strong>Responsabilit\u00e9 du contenu<\/strong><\/p>\n\n<p>Le contenu de nos pages a \u00e9t\u00e9 cr\u00e9\u00e9 avec le plus grand soin. Nous ne pouvons toutefois pas garantir l&rsquo;exactitude, l&rsquo;exhaustivit\u00e9 et l&rsquo;actualit\u00e9 du contenu. En tant que prestataire de services, nous sommes responsables conform\u00e9ment au \u00a7 7 Abs.1 TMG pour son propre contenu sur ces c\u00f4t\u00e9s conform\u00e9ment aux lois g\u00e9n\u00e9rales. Conform\u00e9ment aux articles 8 \u00e0 10 de la TMG, nous ne sommes toutefois pas tenus, en tant que prestataire de services, de surveiller les informations externes transmises ou stock\u00e9es, ni d&rsquo;enqu\u00eater sur des circonstances indiquant une activit\u00e9 ill\u00e9gale. Les obligations de supprimer ou de bloquer l&rsquo;utilisation d&rsquo;informations en vertu du droit g\u00e9n\u00e9ral ne sont pas affect\u00e9es. Toutefois, la responsabilit\u00e9 \u00e0 cet \u00e9gard n&rsquo;est possible qu&rsquo;\u00e0 partir du moment o\u00f9 l&rsquo;on a connaissance d&rsquo;une infraction sp\u00e9cifique. En cas de notification de telles violations, nous retirerons imm\u00e9diatement ce contenu.<\/p>\n\n<p><strong>  Responsabilit\u00e9 des liens  <\/strong><\/p>\n\n<p>Notre offre contient des liens vers des sites web externes de tiers sur le contenu desquels nous n&rsquo;avons aucune influence. Par cons\u00e9quent, nous ne pouvons assumer aucune responsabilit\u00e9 pour ces contenus externes. Le contenu des pages li\u00e9es rel\u00e8ve toujours de la responsabilit\u00e9 du fournisseur ou de l&rsquo;op\u00e9rateur respectif de ces pages. Les pages li\u00e9es ont \u00e9t\u00e9 v\u00e9rifi\u00e9es au moment de l&rsquo;\u00e9tablissement des liens afin de d\u00e9tecter d&rsquo;\u00e9ventuelles violations de la l\u00e9gislation. Le contenu ill\u00e9gal n&rsquo;\u00e9tait pas identifiable au moment de l&rsquo;\u00e9tablissement du lien. Cependant, un contr\u00f4le permanent du contenu des pages li\u00e9es n&rsquo;est pas raisonnable sans preuves concr\u00e8tes d&rsquo;une violation de la loi. D\u00e8s notification de violations, nous supprimerons imm\u00e9diatement de tels liens. <\/p>\n\n<p><strong>  Droit d&rsquo;auteur  <\/strong><\/p>\n\n<p>Le contenu et les \u0153uvres de ces pages cr\u00e9\u00e9s par les exploitants du site sont soumis \u00e0 la l\u00e9gislation europ\u00e9enne sur le droit d&rsquo;auteur. La duplication, le traitement, la distribution et toute forme d&rsquo;exploitation en dehors des limites du droit d&rsquo;auteur n\u00e9cessitent l&rsquo;accord \u00e9crit de l&rsquo;auteur ou du cr\u00e9ateur respectif. Les t\u00e9l\u00e9chargements et les copies de ce site sont r\u00e9serv\u00e9s \u00e0 un usage priv\u00e9 et non commercial. Dans la mesure o\u00f9 le contenu de ce site n&rsquo;a pas \u00e9t\u00e9 cr\u00e9\u00e9 par l&rsquo;op\u00e9rateur, les droits d&rsquo;auteur de tiers sont pris en compte. En particulier, les contenus de tiers sont signal\u00e9s comme tels. Si vous avez connaissance d&rsquo;une infraction au droit d&rsquo;auteur, nous vous demandons de nous en faire part. En cas de notification d&rsquo;infractions, nous retirerons imm\u00e9diatement le contenu en question.<\/p>\n\n<p><strong>Vie priv\u00e9e<\/strong><\/p>\n\n<p>L&rsquo;utilisation de notre site web est g\u00e9n\u00e9ralement possible sans fournir de donn\u00e9es personnelles. Dans la mesure o\u00f9 des donn\u00e9es personnelles (par exemple le nom, l&rsquo;adresse ou l&rsquo;adresse \u00e9lectronique) sont collect\u00e9es sur nos sites, cela se fait, dans la mesure du possible, toujours sur la base du principe de gratuit\u00e9. Ces donn\u00e9es ne seront pas divulgu\u00e9es \u00e0 des tiers sans votre consentement explicite.<br\/>Veuillez noter que la transmission de donn\u00e9es sur Internet (par exemple, lors de communications par e-mail) peut pr\u00e9senter des vuln\u00e9rabilit\u00e9s de s\u00e9curit\u00e9. Une protection compl\u00e8te des donn\u00e9es contre l&rsquo;acc\u00e8s par des tiers n&rsquo;est pas possible.<br\/>L&rsquo;utilisation des informations de contact publi\u00e9es par des tiers dans le but d&rsquo;envoyer de la publicit\u00e9 et du mat\u00e9riel d&rsquo;information non sollicit\u00e9s est express\u00e9ment exclue.  Les exploitants des pages se r\u00e9servent express\u00e9ment le droit d&rsquo;intenter une action en justice en cas d&rsquo;informations promotionnelles non sollicit\u00e9es, telles que des courriers \u00e9lectroniques non sollicit\u00e9s.<\/p>\n\n<p><strong>  Google Analytics  <\/strong><\/p>\n\n<p>Ce site utilise Google Analytics, un service d&rsquo;analyse de site internet fourni par Google Inc. (\u00a0\u00bb Google \u00ab\u00a0). Google Analytics utilise des \u00ab\u00a0cookies\u00a0\u00bb, des fichiers texte qui sont stock\u00e9s sur votre ordinateur et qui permettent d&rsquo;analyser votre utilisation du site web. Les informations g\u00e9n\u00e9r\u00e9es par les cookies concernant votre utilisation de ce site (y compris votre adresse IP) sont transmises et stock\u00e9es par Google sur des serveurs situ\u00e9s aux Etats-Unis. Google utilisera ces informations pour \u00e9valuer votre utilisation du site, pour compiler des rapports sur l&rsquo;activit\u00e9 du site \u00e0 l&rsquo;intention de son exploitant et pour fournir d&rsquo;autres services li\u00e9s \u00e0 l&rsquo;activit\u00e9 du site et \u00e0 l&rsquo;utilisation d&rsquo;Internet. Google peut \u00e9galement transmettre ces informations \u00e0 des tiers si la loi l&rsquo;exige ou si des tiers traitent ces donn\u00e9es pour le compte de Google. Google n&rsquo;associera en aucun cas votre adresse IP \u00e0 d&rsquo;autres donn\u00e9es de Google. Vous pouvez emp\u00eacher l&rsquo;installation de cookies en param\u00e9trant votre logiciel de navigation en cons\u00e9quence. Toutefois, sachez que dans ce cas, vous ne pourrez peut-\u00eatre pas utiliser toutes les fonctionnalit\u00e9s de ce site web. En utilisant ce site, vous acceptez que les informations vous concernant soient trait\u00e9es par Google de la mani\u00e8re et aux fins d\u00e9crites ci-dessus.<\/p>\n\n<p><strong>  Annonces Google<\/strong><\/p>\n\n<p>Ce site utilise Google Ads, un service de publicit\u00e9 en ligne de Google Inc, USA (\u00a0\u00bbGoogle\u00a0\u00bb). Google Ads utilise des cookies (fichiers texte) qui sont stock\u00e9s sur votre ordinateur et qui permettent d&rsquo;analyser l&rsquo;utilisation que vous faites du site Internet. Google Ads utilise \u00e9galement des \u00ab\u00a0Web Beacons\u00a0\u00bb (petits graphiques invisibles) pour collecter des informations. L&rsquo;utilisation de balises web permet d&rsquo;enregistrer et de collecter des actions simples telles que le trafic des visiteurs sur le site web. Les informations g\u00e9n\u00e9r\u00e9es par les cookies et\/ou les balises web concernant votre utilisation de ce site web (y compris votre adresse IP) seront transmises et stock\u00e9es par Google sur des serveurs situ\u00e9s aux Etats-Unis. Google utilisera ces informations pour \u00e9valuer votre utilisation du site en termes de publicit\u00e9, pour compiler des rapports sur l&rsquo;activit\u00e9 du site et les publicit\u00e9s pour les op\u00e9rateurs du site, et pour fournir d&rsquo;autres services li\u00e9s \u00e0 l&rsquo;activit\u00e9 du site et \u00e0 l&rsquo;utilisation d&rsquo;Internet. Google peut \u00e9galement transmettre ces informations \u00e0 des tiers si la loi l&rsquo;exige ou si des tiers traitent ces donn\u00e9es pour le compte de Google. Google n&rsquo;associera en aucun cas votre adresse IP \u00e0 d&rsquo;autres donn\u00e9es de Google. Vous pouvez emp\u00eacher le stockage de cookies sur votre disque dur et l&rsquo;affichage de pixels invisibles en s\u00e9lectionnant \u00ab\u00a0Ne pas accepter les cookies\u00a0\u00bb dans les param\u00e8tres de votre navigateur (dans MS Internet Explorer, sous \u00ab\u00a0Outils&gt; Options Internet&gt; Confidentialit\u00e9&gt; Param\u00e8tres\u00a0\u00bb ; dans Firefox, sous \u00ab\u00a0Outils&gt; Param\u00e8tres&gt; Confidentialit\u00e9&gt; Cookies\u00a0\u00bb) ; toutefois, sachez que si vous faites cela, il se peut que vous ne puissiez pas utiliser toutes les fonctionnalit\u00e9s de ce site web. En utilisant ce site Internet, vous consentez au traitement des donn\u00e9es vous concernant par Google dans les conditions et pour les finalit\u00e9s d\u00e9crites ci-dessus.<\/p>\n\n<p>Site Internet cr\u00e9\u00e9 par <a href=\"https:\/\/www.impressum-generator.de\" target=\"_blank\" data-type=\"link\" data-id=\"https:\/\/www.impressum-generator.de\" rel=\"noreferrer noopener\">impressum-generator.<\/a> de de <a href=\"https:\/\/www.kanzlei-hasselbach.de\" target=\"_blank\" data-type=\"link\" data-id=\"https:\/\/www.kanzlei-hasselbach.de\" rel=\"noreferrer noopener\">Kanzlei Hasselbach<\/a><\/p>\n\n<p><\/p>\n<div class=\"clearfix\"><\/div>","protected":false},"excerpt":{"rendered":"<p>Conform\u00e9ment \u00e0 l&rsquo;article 5 du TMG<\/p>\n","protected":false},"author":1,"featured_media":0,"parent":0,"menu_order":0,"comment_status":"closed","ping_status":"closed","template":"","meta":{"footnotes":""},"class_list":["post-18536","page","type-page","status-publish","hentry"],"_links":{"self":[{"href":"https:\/\/old.mailmergic.com\/fr\/wp-json\/wp\/v2\/pages\/18536","targetHints":{"allow":["GET"]}}],"collection":[{"href":"https:\/\/old.mailmergic.com\/fr\/wp-json\/wp\/v2\/pages"}],"about":[{"href":"https:\/\/old.mailmergic.com\/fr\/wp-json\/wp\/v2\/types\/page"}],"author":[{"embeddable":true,"href":"https:\/\/old.mailmergic.com\/fr\/wp-json\/wp\/v2\/users\/1"}],"replies":[{"embeddable":true,"href":"https:\/\/old.mailmergic.com\/fr\/wp-json\/wp\/v2\/comments?post=18536"}],"version-history":[{"count":6,"href":"https:\/\/old.mailmergic.com\/fr\/wp-json\/wp\/v2\/pages\/18536\/revisions"}],"predecessor-version":[{"id":38603,"href":"https:\/\/old.mailmergic.com\/fr\/wp-json\/wp\/v2\/pages\/18536\/revisions\/38603"}],"wp:attachment":[{"href":"https:\/\/old.mailmergic.com\/fr\/wp-json\/wp\/v2\/media?parent=18536"}],"curies":[{"name":"wp","href":"https:\/\/api.w.org\/{rel}","templated":true}]}}